{"id":44,"date":"2023-03-27T07:45:57","date_gmt":"2023-03-27T07:45:57","guid":{"rendered":"https:\/\/cannatapaccosi.it\/?page_id=44"},"modified":"2023-03-27T07:52:56","modified_gmt":"2023-03-27T07:52:56","slug":"termini-di-servizio","status":"publish","type":"page","link":"https:\/\/cannatapaccosi.it\/?page_id=44","title":{"rendered":"Termini di servizio"},"content":{"rendered":"\n  \n    \n    <section class=\"u-clearfix u-section-2\" id=\"sec-b49b\">\n      <div class=\"u-clearfix u-sheet u-sheet-1\">\n        <h3 class=\"u-text u-text-default u-text-1\">Termini e condizioni di utilizzo<\/h3>\n        <p class=\"u-text u-text-default u-text-2\"> I termini e le condizioni seguenti indicano regole e normative per l'utilizzo del sito dello Studio Commerciale Associato Cannata Paccosi, all'indirizzo https:\/\/cannatapaccosi.it.it.&nbsp; <br> Accedendo a questo sito, Lei accetta i termini e le condizioni seguenti. Le chiediamo di non continuare ad usare cannatapaccosi.it.it nel caso in cui non fosse d'accordo con tutti i termini e le condizioni in questa pagina.&nbsp; <br><b>Utilizzo dei Cookie:&nbsp;<\/b>&nbsp; <br> Il sito utilizza cookie per personalizzare l'esperienza online. Accedendo a cannatapaccosi.it.it, accetta l'uso dei cookie richiesti.&nbsp; <br> Un cookie \u00e8 un file di testo che viene posizionato sull'hard disk da un server web. I cookie non possono essere usati per eseguire programmi o inviare virus al computer. I cookie vengono assegnati unicamente a Lei e possono essere letti solo dal server web nel dominio che ha emesso il cookie.&nbsp; <br> Potremmo usare i cookie per raccogliere, archiviare e tracciare informazioni per finalit\u00e0 statistiche e di marketing al fine di gestire il nostro sito web. Le consentiamo di accettare o rifiutare i cookie opzionali. Sono presenti dei cookie necessari indispensabili per il funzionamento del sito. Tali cookie non richiedono il consenso dato che sono attivi in ogni caso. Le chiediamo di tenere a mente che l'accettazione dei cookie richiesti prevede anche l'accettazione dei cookie di terzi, che potrebbero provenire da servizi forniti da terzi nel caso in cui decida di usare tali servizi sul nostro sito. Ad esempio, una schermata video fornita da terzi e integrata sul nostro sito.&nbsp; <br><b>Cookie tecnici&nbsp;<\/b>&nbsp; <br> I cookie tecnici sono quelli utilizzati al solo fine di effettuare la trasmissione di una comunicazione su una rete di comunicazione elettronica, o nella misura strettamente necessaria al fornitore di un servizio della societ\u00e0 dell\u2019informazione esplicitamente richiesto dall\u2019abbonato o dall\u2019utente a erogare tale servizio. <br> Essi non vengono utilizzati per scopi ulteriori e sono normalmente installati direttamente dal titolare o gestore del sito web. <br> Possono essere suddivisi in cookies di navigazione o di sessione, che garantiscono la normale navigazione e fruizione del sito web (permettendo, ad esempio, di realizzare un acquisto o autenticarsi per accedere ad aree riservate); cookies analytics, assimilati ai cookies tecnici laddove utilizzati direttamente dal gestore del sito per raccogliere informazioni, in forma aggregata, sul numero degli utenti e su come questi visitano il sito stesso; cookies di funzionalit\u00e0, che permettono all\u2019utente la navigazione in funzione di una serie di criteri selezionati (ad esempio, la lingua, i prodotti selezionati per l\u2019acquisto) al fine di migliorare il servizio reso allo stesso. <br> La disabilitazione dei cookies potrebbe limitare la possibilit\u00e0 di usare il Sito e impedire di beneficiare in pieno delle funzionalit\u00e0 e dei servizi presenti sul Sito. Per decidere quali accettare e quali rifiutare, \u00e8 illustrata di seguito una descrizione dei cookies utilizzati sul Sito. <br><b>Cookie di prima parte:&nbsp;<\/b>&nbsp; <br> I cookie di prima parte (ovvero i cookies che appartengono al sito dell\u2019editore che li ha creati) sono impostati dal sito web visitato dall\u2019utente, il cui indirizzo compare nella finestra URL. L\u2019utilizzo di tali cookies ci permette di far funzionare il sito in modo efficiente e di tracciare i modelli di comportamento dei visitatori. <br><b>Cookies di terzi:&nbsp;<\/b>&nbsp; <br> I cookie di terzi sono impostati da un dominio differente da quello visitato dall\u2019utente. Se un utente visita un sito e una societ\u00e0 diversa invia l\u2019informazione sfruttando quel sito, si \u00e8 in presenza di cookies di terze parti. <br><b>Cookie di sessione:&nbsp;<\/b>&nbsp; <br> I c.d. \u2018cookie di sessione\u2019 sono memorizzati temporaneamente e vengono cancellati quando l\u2019utente chiude il browser. Se l\u2019utente si registra al Sito, pu\u00f2 utilizzare cookies che raccolgono dati personali al fine di identificare l\u2019utente in occasione di visite successive e di facilitare l\u2019accesso \u2013 login al Sito (per esempio conservando username e password dell\u2019utente) e la navigazione sullo stesso.&nbsp;\nInoltre il sito utilizza i cookies per finalit\u00e0 di amministrazione del sistema. Il Sito potrebbe contenere link ad altri siti. Il sito non ha alcun accesso o controllo su cookies, web bacon e altre tecnologie di tracciamento usate sui siti di terzi cui l\u2019utente pu\u00f2 accedere dal Sito, sulla disponibilit\u00e0, su qualsiasi contenuto e materiale che \u00e8 pubblicato o ottenuto attraverso tali siti e sulle relative modalit\u00e0 di trattamento dei dati personali; a questo proposito, considerata la mole di tali siti terzi, declina espressamente ogni relativa responsabilit\u00e0. L\u2019utente dovrebbe verificare la privacy policy dei siti di terzi cui accede dal Sito per conoscere le condizioni applicabili al trattamento dei dati personali poich\u00e9 la Privacy Policy del sito. si applica solo al Sito come sopra definito. <br><b>Cookie persistenti:<\/b>&nbsp; <br> I cookies persistenti sono memorizzati sul dispositivo degli utenti tra le sessioni del browser, consentendo di ricordare le preferenze o le azioni dell\u2019utente in un sito. Possono essere utilizzati per diversi scopi, ad esempio per ricordare le preferenze e le scelte quando si utilizza il Sito. <br><b>Cookie essenziali:<\/b>&nbsp; <br> Questi cookie sono strettamente necessari per il funzionamento del Sito. Senza l\u2019uso di tali cookies alcune parti del Sito non funzionerebbero. Comprendono, ad esempio, i cookies che consentono di accedere in aree protette del Sito. Questi cookies non raccolgono informazioni per scopi di marketing e non possono essere disattivati. <br><b>Cookie funzionali:&nbsp;<\/b>&nbsp; <br> Questi cookies servono a riconoscere un utente che torna a visitare il Sito. Permettono di personalizzare i contenuti e ricordate le preferenze (ad esempio, la lingua selezionata o la regione). Questi cookies non raccolgono informazioni che possono identificare l\u2019utente. Tutte le informazioni raccolte sono anonime. <br><b>Cookie di condivisone sui Social Network:&nbsp;<\/b>&nbsp; <br> Questi cookies facilitano la condivisione dei contenuti del sito attraverso social network quali Facebook e Twitter. Per prendere visione delle rispettive privacy e cookies policies \u00e8 possibile visitare i siti web dei social networks. Nel caso di Facebook e Twitter, l\u2019utente pu\u00f2 visitare https:\/\/www.facebook.com\/help\/cookies e https:\/\/twitter.com\/privacy. <br> Nello specifico, si riporta di seguito la lista dei principali cookies utilizzati sul Sito e relative descrizioni e funzionalit\u00e0, compresa la durata temporale. <br> Cookie di sessione: Prima parte, tecnici. Mantiene la sessione dell\u2019utente, la possibilit\u00e0 di mantenere le sue scelte tra le pagine del sito, come ad esempio la scelta della lingua di navigazione. <br> Google Analytics: Terza parte. Permette il funzionamento dei widget e il salvataggio in forma anonima delle statistiche sulla fruizione dei contenuti del sito. <br> Google Maps : Terza parte. Permette il funzionamento dei widget per la visualizzazione delle mappe nel sito. <br> Youtube : Terza parte. Permette il funzionamento dei widget per la visualizzazione di video nel sito. <br> Facebook : Terza parte. Permette il funzionamento dei widget di condivisione delle pagine. <br> Come modificare le impostazioni sui cookies&nbsp; <br> La maggior parte dei browser accetta automaticamente i cookies, ma l\u2019utente normalmente pu\u00f2 modificare le impostazioni per disabilitare tale funzione. E\u2019 possibile bloccare tutte le tipologie di cookies, oppure accettare di riceverne soltanto alcuni e disabilitarne altri. La sezione \u201cOpzioni\u201d o \u201cPreferenze\u201d nel menu del browser permettono di evitare di ricevere cookies e altre tecnologie di tracciamento utente, e come ottenere notifica dal browser dell\u2019attivazione di queste tecnologie.&nbsp; <br> In alternativa, \u00e8 anche possibile consultare la sezione \u201cAiuto\u201d della barra degli strumenti presente nella maggior parte dei browser. <br> E\u2019 anche possibile selezionare il browser utilizzato dalla lista di seguito e seguire le istruzioni: \u2013 Internet Explorer; \u2013 Chrome; \u2013 Safari; \u2013 Firefox; \u2013 Opera. Da dispositivo mobile: \u2013Android; \u2013 Safari; \u2013 Windows Phone; \u2013Blackberry.Per maggiori informazioni sui cookie e per gestire le preferenze sui cookie (di prima e\/o terza parte) si invitano gli utenti a visitare anche la piattaforma www.youronlinechoices.com.&nbsp; <br> Si ricorda per\u00f2 che la disabilitazione dei cookie di navigazione o quelli funzionali pu\u00f2 causare il malfunzionamento del Sito e\/o limitare il servizio offerto dal sito web cannatapaccosi.it.it <br><b>Licenza:&nbsp;<\/b>&nbsp; <br> A meno che indicato altrimenti, lo Studio Commerciale Associato Cannata Paccosi e\/o gli affiliati con licenza detengono i diritti di propriet\u00e0 intellettuale per tutto il materiale su cannatapaccosi.it.it. Tutti i diritti di propriet\u00e0 intellettuale sono riservati. Pu\u00f2 accedervi tramite cannatapaccosi.it.it per uso personale soggetto a restrizioni indicate nei termini e nelle condizioni seguenti.&nbsp; <br> Non \u00e8 consentito:&nbsp;\n- Copiare o ripubblicare il materiale di cannatapaccosi.it.it\n- Vendere, noleggiare o fornire in sub-licenza il materiale di cannatapaccosi.it.it\n- Riprodurre, duplicare o copiare il materiale di cannatapaccosi.it.it\n- Ridistribuire contenuti di cannatapaccosi.it.it&nbsp; <br> Il presente accordo ha inizio dalla data qui indicata.&nbsp; <br> Parti di questo sito offrono all'utente la possibilit\u00e0 di pubblicare e scambiare opinioni e informazioni in certe aree del sito cannatapaccosi.it.it. non filtra, modifica, pubblica o revisiona i commenti prima di aggiungerli sul sito. I commenti non riflettono il punto di vista e l'opinione dello Studio Commerciale Associato Cannata Paccosi, dei suoi agenti e\/o dei suoi affiliati. I commenti riflettono punto di vista e opinione di colui che pubblica tale punto di vista o opinione. Nella misura consentita dalla legge, lo Studio Commerciale Associato Cannata Paccosi non deve essere ritenuta responsabile per i commenti e non pu\u00f2 ricevere richieste di risarcimento danni o spese causate dall'uso, dalla pubblicazione e\/o dalla presenza dei commenti sul sito.&nbsp; <br> Lo Studio Commerciale Associato Cannata Paccosi si riserva il diritto di monitorare tutti i commenti e rimuovere quelli che considera non appropriati, offensivi o in violazione con i presenti termini e condizioni.&nbsp; <br> Lei garantisce che:&nbsp; <br> - \u00c8 autorizzato a pubblicare commenti sul sito e ha tutte le licenze e i permessi necessari per tale azione;&nbsp;\n- I commenti non violano nessun diritto di propriet\u00e0 intellettuale, inclusi senza limitazione diritto d'autore, brevetti o marchi commerciali di terze parti;&nbsp;\n- I commenti non contengono materiale diffamatorio, calunnioso, offensivo, indecente o altrimenti illegale, provocando una violazione della privacy;&nbsp;\n- I commenti non verranno usati per sollecitare o promuovere business, attivit\u00e0 commerciali o illegali.&nbsp; <br> Lei concede allo Studio Commerciale Associato Cannata Paccosi una licenza non esclusiva di usare, riprodurre, modificare e autorizza altri a usare, riprodurre e modificare qualsiasi Suo commento in ogni forma, formato o media.&nbsp; <br><b>Collegamenti ipertestuali ai nostri contenuti:<\/b>&nbsp; <br> Le organizzazioni seguenti potrebbero aggiungere collegamenti ipertestuali al nostro sito senza previa autorizzazione scritta:&nbsp;\n- Agenzie governative;&nbsp;\n- Motori di ricerca;&nbsp;\n- Testate giornalistiche;&nbsp;\n- Distributori di directory online potrebbero aggiungere un collegamento ipertestuale al nostro sito nello stesso modo fatto per altri siti web indicati;&nbsp;\n- Attivit\u00e0 accreditate di sistema eccetto organizzazioni non-profit, societ\u00e0 di beneficenza e gruppi di raccolta fondi per attivit\u00e0 di carit\u00e0 che non possono aggiungere un collegamento ipertestuale al nostro sito.&nbsp; <br> Queste organizzazioni potrebbero aggiungere un collegamento ipertestuale alla nostra homepage, alle pubblicazioni e alle informazioni di altri siti a patto che il collegamento: (a) non sia ingannevole in alcun modo; (b) non implichi falsamente sponsorizzazione, pubblicit\u00e0 o approvazione del terzo che ha aggiunto il collegamento e dei suoi prodotti e\/o servizi; (c) sia adatto al contesto del sito del terzo che ha aggiunto il collegamento.&nbsp; <br> Potremmo considerare e approvare altre richieste di collegamento dai seguenti tipi di organizzazioni:&nbsp;\n- fonti di informazioni commerciali e\/o per consumatori conosciute;&nbsp;\n- siti di community punto.com;&nbsp;\n- associazioni o altri gruppi che rappresentano attivit\u00e0 di carit\u00e0;&nbsp;\n- distributori di directory online;&nbsp;\n- portali internet;&nbsp;\n- agenzie di consulenza, legali e di revisione contabile;&nbsp;\n- istituti di istruzione e associazioni professionali.&nbsp; <br>\n          <br> Approveremo le richieste di collegamento da queste organizzazioni se: (a) il collegamento non ci porr\u00e0 in una posizione sfavorevole per noi stessi o per le nostre attivit\u00e0 registrate; (b) l'organizzazione non ha precedenti negativi con noi; (c) il vantaggio dato dalla visibilit\u00e0 del collegamento ipertestuale compensa l'assenza per lo Studio Commerciale Associato Cannata Paccosi; (d) il link \u00e8 in un contesto di informazioni generali.&nbsp; <br> Queste organizzazioni potrebbero aggiungere un collegamento alla nostra homepage a patto che il collegamento: (a) non sia ingannevole in alcun modo; (b) non implichi falsamente sponsorizzazione, pubblicit\u00e0 o approvazione del terzo che ha aggiunto il collegamento o dei suoi prodotti e\/o servizi; (c) sia adatto al contesto del sito del terzo che ha aggiunto il collegamento.&nbsp; <br> Nel caso in cui Lei rappresenti una delle organizzazioni indicate nel paragrafo 2 sopra e sia interessato ad aggiungere un collegamento al nostro sito, deve informarci inviando un'email allo Studio Commerciale Associato Cannata Paccosi. Le chiediamo di includere nome, denominazione dell'organizzazione, informazioni di contatto e URL del sito, una lista di URL su cui intende aggiungere un collegamento al nostro sito e una lista di URL sul nostro sito che intende collegare. Le chiediamo di attendere 2-3 settimane per una risposta.&nbsp; <br> Le organizzazioni approvate possono aggiungere un collegamento ipertestuale al nostro sito come segue:&nbsp;\n- Usando il nostro nome societario;&nbsp;\n- Usando l'uniform resource locator collegato;&nbsp;\n- Usando qualsiasi altra descrizione del nostro sito rilevante per contesto e formato dei contenuti sul sito terzo.&nbsp; <br> Non \u00e8 consentito uso di logo o immagini dello Studio Commerciale Associato Cannata Paccosi per collegamenti in caso di mancanza di un accordo di licenza commerciale.&nbsp; <br><b>Responsabilit\u00e0 sui contenuti:<\/b>&nbsp; <br> Non possiamo essere ritenuti responsabili per i contenuti presenti sul Suo sito. Accetta di proteggerci e difenderci da qualsiasi azione legale proveniente dal Suo sito. Non devono essere aggiunti collegamenti sul Suo sito che potrebbero essere interpretati come calunniosi, osceni, criminali o che infrangono, violano o suggeriscono la violazione di diritti di terzi.&nbsp; <br><b>Diritti riservati:<\/b>&nbsp; <br> Ci riserviamo il diritto di richiedere la rimozione di tutti i collegamenti o di un collegamento specifico al nostro sito. Deve approvare immediatamente la richiesta di rimozione dei collegamenti. Ci riserviamo il diritto di modificare termini e condizioni, oltre che politica di collegamento in qualsiasi momento. Continuando a usare il nostro sito, accetta di essere vincolato dai presenti termini e condizioni.&nbsp; <br><b>Rimozione di collegamenti dal nostro sito:<\/b>&nbsp; <br> Nel caso in cui un collegamento sul nostro sito sia offensivo per qualsiasi motivo, pu\u00f2 contattarci e informarci in qualsiasi momento. Considereremo le richieste di rimozione dei collegamenti, tuttavia non siamo obbligati a completare la rimozione o rispondere direttamente.&nbsp;Non garantiamo l'accuratezza delle informazioni presenti sul sito.&nbsp; <br> Non garantiamo che le informazioni siano complete o precise, n\u00e9 promettiamo di assicurare che il sito resti disponibile o che il materiale sul sito venga costantemente aggiornato.&nbsp; <br><b>Esclusione di responsabilit\u00e0:<\/b>&nbsp; <br> Nella misura massima consentita dalla legge, escludiamo ogni rappresentanza, garanzia e condizione correlata al nostro sito e all'uso dello stesso. Niente in questa esclusione di responsabilit\u00e0: <br> - limita o esclude la nostra o la Sua responsabilit\u00e0 per decesso o lesioni personali;&nbsp;\n- limita o esclude la nostra o la Sua responsabilit\u00e0 per frode o rappresentazione errata fraudolenta;&nbsp;\n- limita la nostra o la Sua responsabilit\u00e0 in modo non consentito dalla legge;\n- esclude la nostra o la Sua responsabilit\u00e0 in modo non escludibile dalla legge. <br> Le limitazioni e i divieti di responsabilit\u00e0 indicati in questa sezione e in altre parti di questa esclusione di responsabilit\u00e0: (a) sono soggetti al paragrafo precedente; (b) governano tutte le responsabilit\u00e0 correlate a questa esclusione di responsabilit\u00e0, incluse quelle correlate a contratto, torto o violazione di obblighi normativi. <br> Se sito, informazioni e servizi vengono forniti gratuitamente, non possiamo essere ritenuti responsabili per perdite o danni di qualsiasi natura.\n        <\/p>\n        <a href=\"https:\/\/cannatapaccosi.it\/\" class=\"u-align-center u-btn u-button-style u-hover-palette-1-dark-1 u-palette-1-base u-btn-1\">TORNA ALLA HOME<\/a>\n      <\/div>\n    <\/section>\n    \n    \n  \n","protected":false},"excerpt":{"rendered":"<p>Termini e condizioni di utilizzo I termini e le condizioni seguenti indicano regole e normative per l&#8217;utilizzo del sito dello Studio Commerciale Associato Cannata Paccosi, all&#8217;indirizzo https:\/\/cannatapaccosi.it.it.&nbsp; Accedendo a questo sito, Lei accetta i termini e le condizioni seguenti. Le chiediamo di non continuare ad usare cannatapaccosi.it.it nel caso in cui non fosse d&#8217;accordo con &hellip; <a href=\"https:\/\/cannatapaccosi.it\/?page_id=44\" class=\"more-link\">Continue reading<span class=\"screen-reader-text\"> &#8220;Termini di servizio&#8221;<\/span><\/a><\/p>\n","protected":false},"author":1,"featured_media":0,"parent":0,"menu_order":2,"comment_status":"closed","ping_status":"closed","template":"","meta":{"footnotes":""},"class_list":["post-44","page","type-page","status-publish","hentry"],"_links":{"self":[{"href":"https:\/\/cannatapaccosi.it\/index.php?rest_route=\/wp\/v2\/pages\/44","targetHints":{"allow":["GET"]}}],"collection":[{"href":"https:\/\/cannatapaccosi.it\/index.php?rest_route=\/wp\/v2\/pages"}],"about":[{"href":"https:\/\/cannatapaccosi.it\/index.php?rest_route=\/wp\/v2\/types\/page"}],"author":[{"embeddable":true,"href":"https:\/\/cannatapaccosi.it\/index.php?rest_route=\/wp\/v2\/users\/1"}],"replies":[{"embeddable":true,"href":"https:\/\/cannatapaccosi.it\/index.php?rest_route=%2Fwp%2Fv2%2Fcomments&post=44"}],"version-history":[{"count":2,"href":"https:\/\/cannatapaccosi.it\/index.php?rest_route=\/wp\/v2\/pages\/44\/revisions"}],"predecessor-version":[{"id":46,"href":"https:\/\/cannatapaccosi.it\/index.php?rest_route=\/wp\/v2\/pages\/44\/revisions\/46"}],"wp:attachment":[{"href":"https:\/\/cannatapaccosi.it\/index.php?rest_route=%2Fwp%2Fv2%2Fmedia&parent=44"}],"curies":[{"name":"wp","href":"https:\/\/api.w.org\/{rel}","templated":true}]}}